{"id":149,"date":"2017-05-31T15:32:05","date_gmt":"2017-05-31T15:32:05","guid":{"rendered":"http:\/\/delco-datentechnik.de\/?page_id=149"},"modified":"2020-01-29T13:31:32","modified_gmt":"2020-01-29T13:31:32","slug":"it-dienstleistung","status":"publish","type":"page","link":"https:\/\/delco.de\/clickandbuilds\/DelcoDatentechnikGmbH\/it-dienstleistung\/","title":{"rendered":"IT-Dienstleistung"},"content":{"rendered":"\n<hr class=\"wp-block-separator\"\/>\n\n\n\n<hr class=\"wp-block-separator\"\/>\n\n\n\n<p><strong>DELCO-Datentechnik<\/strong>&nbsp;bietet Ihnen ein individuelles, auf Sie zugeschnittenes umfassendes Konzept. <br>Sie erwarten von uns nicht nur die Entwicklung anwendungsbezogenen Probleml\u00f6sungen, sondern zus\u00e4tzliche kompetente Unterst\u00fctzung von der umfangreichen Projektierung \u00fcber die Implementation bis zum t\u00e4glichen Einsatz unserer Produkte. <br>Dar\u00fcber hinaus bieten wir ihnen Schulungen sowie Service und Wartung f\u00fcr ihre Systeme an. <br>Mit unseren qualifizierten IT-Experten greifen wir auf Mitarbeiter zur\u00fcck, die \u00fcber einen hohen Grad an mehrj\u00e4hrigen, erfolgreich ausgewiesenem Praxisbezug verf\u00fcgen. <br>Der Schwerpunkt unserer Erfahrungen liegt dabei auf kaufm\u00e4nnischen Systeml\u00f6sungen im weitesten Sinne. Als weitere Bereiche sind Zeit-, Betriebs- und Maschinendatenerfassung, sowie mobile Datenerfassung ein wichtiger Bestandteil unseres Angebots. Als Datenbasis verwenden wir in der Regel den Firebird Datenbank-Server. Das sehr leistungsf\u00e4hige aber freie System erm\u00f6glicht uns kosteng\u00fcnstige L\u00f6sungen f\u00fcr unsere Kunden zu erstellen. <\/p>\n\n\n\n<div class=\"csColumn\" style=\"margin: 0px; padding: 0px; float: left; width: 93.8%;\" data-csstartpoint=\"0\" data-csendpoint=\"900\" data-cswidth=\"93.8%\" data-csid=\"9e01a783-cbc5-bd74-b390-cd91b6daabe1\">\n<figure><figure><figure><figure><figure><img loading=\"lazy\" decoding=\"async\" class=\"alignnone size-full wp-image-150\" src=\"http:\/\/delco-datentechnik.de\/wp-content\/uploads\/2016\/04\/\u00a9-pixeltrap-Fotolia.com_XS.jpg\" alt=\"4 zahnr\u00e4der in reihe\" width=\"536\" height=\"224\" srcset=\"https:\/\/delco.de\/wp-content\/uploads\/2016\/04\/\u00a9-pixeltrap-Fotolia.com_XS.jpg 536w, https:\/\/delco.de\/wp-content\/uploads\/2016\/04\/\u00a9-pixeltrap-Fotolia.com_XS-300x125.jpg 300w, https:\/\/delco.de\/wp-content\/uploads\/2016\/04\/\u00a9-pixeltrap-Fotolia.com_XS-150x63.jpg 150w\" sizes=\"auto, (max-width: 536px) 100vw, 536px\" \/><\/figure><\/figure><\/figure><\/figure><\/figure><p><span style=\"color: #000000;\"><\/span><\/p>\n<\/div>\n\n\n\n<div class=\"csColumnGap\" style=\"margin: 0px; padding: 0px; float: left; width: 6.25%;\"><figure><figure><figure><figure><figure><img decoding=\"async\" style=\"border: none;\" src=\"http:\/\/delco-datentechnik.de\/wp-content\/plugins\/advanced-wp-columns\/assets\/js\/plugins\/views\/img\/1x1-pixel.png\" alt=\"\"><\/figure><\/figure><\/figure><\/figure><\/figure><\/div>\n\n\n\n<div style=\"clear: both; float: none; display: block; visibility: hidden; width: 0px; font-size: 0px; line-height: 0;\">&nbsp;<\/div>\n\n\n\n<p><a href=\"http:\/\/delco.de\/\">\u25c4 Home<\/a><\/p>\n","protected":false},"excerpt":{"rendered":"<p>DELCO-Datentechnik&nbsp;bietet Ihnen ein individuelles, auf Sie zugeschnittenes umfassendes Konzept. Sie erwarten von uns nicht nur die Entwicklung anwendungsbezogenen Probleml\u00f6sungen, sondern zus\u00e4tzliche kompetente Unterst\u00fctzung von der umfangreichen Projektierung \u00fcber die Implementation bis zum t\u00e4glichen Einsatz unserer Produkte. Dar\u00fcber hinaus bieten wir ihnen Schulungen sowie Service und Wartung f\u00fcr ihre Systeme an.\u2026<\/p>\n<p class=\"continue-reading-button\"> <a class=\"continue-reading-link\" href=\"https:\/\/delco.de\/clickandbuilds\/DelcoDatentechnikGmbH\/it-dienstleistung\/\">mehr lesen<i class=\"crycon-right-dir\"><\/i><\/a><\/p>\n","protected":false},"author":6,"featured_media":150,"parent":0,"menu_order":0,"comment_status":"closed","ping_status":"closed","template":"","meta":{"footnotes":""},"class_list":["post-149","page","type-page","status-publish","has-post-thumbnail","hentry"],"_links":{"self":[{"href":"https:\/\/delco.de\/clickandbuilds\/DelcoDatentechnikGmbH\/wp-json\/wp\/v2\/pages\/149","targetHints":{"allow":["GET"]}}],"collection":[{"href":"https:\/\/delco.de\/clickandbuilds\/DelcoDatentechnikGmbH\/wp-json\/wp\/v2\/pages"}],"about":[{"href":"https:\/\/delco.de\/clickandbuilds\/DelcoDatentechnikGmbH\/wp-json\/wp\/v2\/types\/page"}],"author":[{"embeddable":true,"href":"https:\/\/delco.de\/clickandbuilds\/DelcoDatentechnikGmbH\/wp-json\/wp\/v2\/users\/6"}],"replies":[{"embeddable":true,"href":"https:\/\/delco.de\/clickandbuilds\/DelcoDatentechnikGmbH\/wp-json\/wp\/v2\/comments?post=149"}],"version-history":[{"count":27,"href":"https:\/\/delco.de\/clickandbuilds\/DelcoDatentechnikGmbH\/wp-json\/wp\/v2\/pages\/149\/revisions"}],"predecessor-version":[{"id":3124,"href":"https:\/\/delco.de\/clickandbuilds\/DelcoDatentechnikGmbH\/wp-json\/wp\/v2\/pages\/149\/revisions\/3124"}],"wp:featuredmedia":[{"embeddable":true,"href":"https:\/\/delco.de\/clickandbuilds\/DelcoDatentechnikGmbH\/wp-json\/wp\/v2\/media\/150"}],"wp:attachment":[{"href":"https:\/\/delco.de\/clickandbuilds\/DelcoDatentechnikGmbH\/wp-json\/wp\/v2\/media?parent=149"}],"curies":[{"name":"wp","href":"https:\/\/api.w.org\/{rel}","templated":true}]}}