{"id":2,"date":"2017-03-30T15:14:11","date_gmt":"2017-03-30T15:14:11","guid":{"rendered":"http:\/\/delco-datentechnik.de\/?page_id=2"},"modified":"2020-02-24T14:15:42","modified_gmt":"2020-02-24T14:15:42","slug":"ueber-uns","status":"publish","type":"page","link":"https:\/\/delco.de\/clickandbuilds\/DelcoDatentechnikGmbH\/info\/ueber-uns\/","title":{"rendered":"\u00dcber uns"},"content":{"rendered":"\n<hr class=\"wp-block-separator\"\/>\n\n\n\n<hr class=\"wp-block-separator\"\/>\n\n\n\n<p style=\"color:#194b7f;font-size:21px\" class=\"has-text-color\"><strong>\u00dcber 30 Jahre Erfahrung und Kompetenz im Bereich Softwareentwicklung !!!<\/strong><\/p>\n\n\n\n<p style=\"color:#000000\" class=\"has-text-color\">Die DELCO-Datentechnik GmbH wurde im Jahr 1988 gegr\u00fcndet.<\/p>\n\n\n\n<p><span style=\"color: #000000;\">Unser Hauptt\u00e4tigkeitsbereich ist die Erstellung und Entwicklung von Softwarel\u00f6sungen f\u00fcr den kommerziellen Einsatz.<\/span><\/p>\n\n\n\n<p><span style=\"color: #000000;\">Unsere Software, die vorwiegend in Handels-, Industrie- und Fertigungsunternehmen eingesetzt wird, zeichnet sich vor allem durch leichte Bedienbarkeit, Flexibilit\u00e4t und Stabilit\u00e4t aus, die f\u00fcr den reibungslosen Ablauf im Tagesgesch\u00e4ft wichtig sind. <\/span><\/p>\n\n\n\n<p><span style=\"color: #000000;\">Unsere St\u00e4rke liegt in der individuellen Beratung unserer Kunden. <\/span><br><span style=\"color: #000000;\">Im Bedarfsfall realisieren wir auch \u00c4nderungen und Erweiterungen f\u00fcr die spezifischen Anforderungen.<\/span><\/p>\n\n\n\n<p><span style=\"color: #000000;\"><\/span><\/p>\n\n\n\n<p><span style=\"color: #000000;\">Ob bereits bestehende Software-Produkte oder individuelle Module\/Systeme &#8211; unsere Leistungsf\u00e4higkeit beruht auf jahrelanger Erfahrung verbunden mit modernster Technologie. <\/span><br><span style=\"color: #000000;\">Die eingesetzten Systeme reichen hierbei von &#8222;stand alone&#8220; Windows-PCs bis zu komplexen Netzwerken.<\/span><\/p>\n\n\n\n<p><br><span style=\"color: #000000;\">Um die Leistungsf\u00e4higkeit unserer Produkte weiter zu erh\u00f6hen, arbeiten wir mit anderen Softwareh\u00e4usern zusammen. <\/span><br><span style=\"color: #000000;\">Aufw\u00e4ndige Systeme (z.B. zur Systemsteuerung) entwickeln wir im Verbund und erreichen so eine wesentlich h\u00f6here Funktionalit\u00e4t der einzelnen Module.<\/span><br><span style=\"color: #000000;\">Somit profitieren unsere Kunden von der st\u00e4ndigen Erweiterung und Verbesserung unserer Produkte.<\/span><\/p>\n\n\n\n<p><br><span style=\"color: #000000;\">Unser Team besteht aus einer guten Kombination von Mitarbeitern mit kaufm\u00e4nnischer und technischer Orientierung. <\/span><br><span style=\"color: #000000;\">Es ist gew\u00e4hrleistet, dass w\u00e4hrend der normalen B\u00fcrozeiten st\u00e4ndig ein Ansprechpartner f\u00fcr die Bed\u00fcrfnisse unserer Kunden zur Verf\u00fcgung steht.<\/span><\/p>\n\n\n\n<figure class=\"wp-block-image\"><img decoding=\"async\" src=\"http:\/\/delco-datentechnik.de\/wp-content\/uploads\/2016\/04\/fotolia_47866557_xs-150x150.jpg\" alt=\"fotolia_47866557_xs\"\/><\/figure>\n\n\n\n<hr class=\"wp-block-separator\"\/>\n\n\n\n<p><a href=\"https:\/\/delco.de\/clickandbuilds\/DelcoDatentechnikGmbH\/info\/\">\u25c4 Zur\u00fcck<\/a><\/p>\n\n\n\n<p><a href=\"http:\/\/delco.de\/\">\u25c4 Home<\/a><\/p>\n\n\n","protected":false},"excerpt":{"rendered":"<p>\u00dcber 30 Jahre Erfahrung und Kompetenz im Bereich Softwareentwicklung !!! Die DELCO-Datentechnik GmbH wurde im Jahr 1988 gegr\u00fcndet. Unser Hauptt\u00e4tigkeitsbereich ist die Erstellung und Entwicklung von Softwarel\u00f6sungen f\u00fcr den kommerziellen Einsatz. Unsere Software, die vorwiegend in Handels-, Industrie- und Fertigungsunternehmen eingesetzt wird, zeichnet sich vor allem durch leichte Bedienbarkeit, Flexibilit\u00e4t\u2026<\/p>\n<p class=\"continue-reading-button\"> <a class=\"continue-reading-link\" href=\"https:\/\/delco.de\/clickandbuilds\/DelcoDatentechnikGmbH\/info\/ueber-uns\/\">mehr lesen<i class=\"crycon-right-dir\"><\/i><\/a><\/p>\n","protected":false},"author":6,"featured_media":33,"parent":31,"menu_order":0,"comment_status":"closed","ping_status":"closed","template":"","meta":{"footnotes":""},"class_list":["post-2","page","type-page","status-publish","has-post-thumbnail","hentry"],"_links":{"self":[{"href":"https:\/\/delco.de\/clickandbuilds\/DelcoDatentechnikGmbH\/wp-json\/wp\/v2\/pages\/2","targetHints":{"allow":["GET"]}}],"collection":[{"href":"https:\/\/delco.de\/clickandbuilds\/DelcoDatentechnikGmbH\/wp-json\/wp\/v2\/pages"}],"about":[{"href":"https:\/\/delco.de\/clickandbuilds\/DelcoDatentechnikGmbH\/wp-json\/wp\/v2\/types\/page"}],"author":[{"embeddable":true,"href":"https:\/\/delco.de\/clickandbuilds\/DelcoDatentechnikGmbH\/wp-json\/wp\/v2\/users\/6"}],"replies":[{"embeddable":true,"href":"https:\/\/delco.de\/clickandbuilds\/DelcoDatentechnikGmbH\/wp-json\/wp\/v2\/comments?post=2"}],"version-history":[{"count":47,"href":"https:\/\/delco.de\/clickandbuilds\/DelcoDatentechnikGmbH\/wp-json\/wp\/v2\/pages\/2\/revisions"}],"predecessor-version":[{"id":3823,"href":"https:\/\/delco.de\/clickandbuilds\/DelcoDatentechnikGmbH\/wp-json\/wp\/v2\/pages\/2\/revisions\/3823"}],"up":[{"embeddable":true,"href":"https:\/\/delco.de\/clickandbuilds\/DelcoDatentechnikGmbH\/wp-json\/wp\/v2\/pages\/31"}],"wp:featuredmedia":[{"embeddable":true,"href":"https:\/\/delco.de\/clickandbuilds\/DelcoDatentechnikGmbH\/wp-json\/wp\/v2\/media\/33"}],"wp:attachment":[{"href":"https:\/\/delco.de\/clickandbuilds\/DelcoDatentechnikGmbH\/wp-json\/wp\/v2\/media?parent=2"}],"curies":[{"name":"wp","href":"https:\/\/api.w.org\/{rel}","templated":true}]}}