{"id":31,"date":"2017-05-31T14:26:51","date_gmt":"2017-05-31T14:26:51","guid":{"rendered":"http:\/\/delco-datentechnik.de\/?page_id=31"},"modified":"2020-01-29T14:17:20","modified_gmt":"2020-01-29T14:17:20","slug":"info","status":"publish","type":"page","link":"https:\/\/delco.de\/clickandbuilds\/DelcoDatentechnikGmbH\/info\/","title":{"rendered":"Unternehmen"},"content":{"rendered":"\n<hr class=\"wp-block-separator\"\/>\n\n\n\n<hr class=\"wp-block-separator\"\/>\n\n\n\n<p><span style=\"color: #000000;\">Die <strong>DELCO-Datentechnik GmbH<\/strong> ist ein innovatives IT-Systemhaus mit Sitz in Lippstadt, das seit 1988 als Softwareentwickler f\u00fcr kleine und mittelst\u00e4ndische Unternehmen im deutschsprachigen Raum (Deutschland, \u00d6sterreich, Schweiz) erfolgreich am Markt etabliert ist.<\/span><\/p>\n\n\n\n<p><span style=\"color: #000000;\">Mit unserer langj\u00e4hrig gewachsenen Erfahrung und fundiertem Fachwissen gelten wir f\u00fcr viele Kunden als kompetenter Ansprechpartner im Bereich kaufm\u00e4nnischer Softwarel\u00f6sungen zur Optimierung Ihrer Gesch\u00e4ftsprozesse. <\/span><br><span style=\"color: #000000;\">Die Kombination aus individuellen, ma\u00dfgeschneiderten L\u00f6sungen und konstruktiver Beratung bilden die Grundlage f\u00fcr unseren Erfolg am Markt.<\/span><\/p>\n\n\n\n<p><span style=\"color: #000000;\">Zudem arbeiten wir praxisnah, zuverl\u00e4ssig und kunden- bzw. serviceorientiert mit einem ausgewogenen Preis-\/Leistungsverh\u00e4ltnis.<\/span><\/p>\n\n\n\n<p style=\"color:#194b7f;font-size:21px\" class=\"has-text-color\"><strong>Unsere Ziele sind:<\/strong><\/p>\n\n\n\n<ul class=\"wp-block-list\"><li><span style=\"color: #000000;\">Entwicklung nachhaltiger Systeml\u00f6sungen<\/span><\/li><li><span style=\"color: #000000;\">Stetige Erf\u00fcllung von Kundenanforderungen<\/span><\/li><li><span style=\"color: #000000;\">Effizienzsteigerung der Kunden sowie langfristige Kundenzufriedenheit<\/span><\/li><li><span style=\"color: #000000;\">St\u00e4rkung der Wettbewerbsposition unserer Kunden<\/span><\/li><\/ul>\n\n\n\n<hr class=\"wp-block-separator\"\/>\n\n\n\n<pre class=\"wp-block-verse\"><a href=\"https:\/\/delco.de\/clickandbuilds\/DelcoDatentechnikGmbH\/info\/ueber-uns\/\">\u00dcber uns<\/a>\n<\/pre>\n\n\n\n<p><\/p>\n\n\n\n<pre class=\"wp-block-verse\"><a href=\"https:\/\/delco.de\/clickandbuilds\/DelcoDatentechnikGmbH\/partner\/\">Partner<\/a><\/pre>\n\n\n\n<p><\/p>\n\n\n\n<pre class=\"wp-block-verse\"><a href=\"https:\/\/delco.de\/clickandbuilds\/DelcoDatentechnikGmbH\/referenzen\/\">Unsere Kunden<\/a><\/pre>\n\n\n<p><a href=\"http:\/\/delco.de\/\">\u25c4 Home<\/a><\/p>","protected":false},"excerpt":{"rendered":"<p>Die DELCO-Datentechnik GmbH ist ein innovatives IT-Systemhaus mit Sitz in Lippstadt, das seit 1988 als Softwareentwickler f\u00fcr kleine und mittelst\u00e4ndische Unternehmen im deutschsprachigen Raum (Deutschland, \u00d6sterreich, Schweiz) erfolgreich am Markt etabliert ist. Mit unserer langj\u00e4hrig gewachsenen Erfahrung und fundiertem Fachwissen gelten wir f\u00fcr viele Kunden als kompetenter Ansprechpartner im Bereich\u2026<\/p>\n<p class=\"continue-reading-button\"> <a class=\"continue-reading-link\" href=\"https:\/\/delco.de\/clickandbuilds\/DelcoDatentechnikGmbH\/info\/\">mehr lesen<i class=\"crycon-right-dir\"><\/i><\/a><\/p>\n","protected":false},"author":6,"featured_media":0,"parent":0,"menu_order":0,"comment_status":"closed","ping_status":"closed","template":"","meta":{"footnotes":""},"class_list":["post-31","page","type-page","status-publish","hentry"],"_links":{"self":[{"href":"https:\/\/delco.de\/clickandbuilds\/DelcoDatentechnikGmbH\/wp-json\/wp\/v2\/pages\/31","targetHints":{"allow":["GET"]}}],"collection":[{"href":"https:\/\/delco.de\/clickandbuilds\/DelcoDatentechnikGmbH\/wp-json\/wp\/v2\/pages"}],"about":[{"href":"https:\/\/delco.de\/clickandbuilds\/DelcoDatentechnikGmbH\/wp-json\/wp\/v2\/types\/page"}],"author":[{"embeddable":true,"href":"https:\/\/delco.de\/clickandbuilds\/DelcoDatentechnikGmbH\/wp-json\/wp\/v2\/users\/6"}],"replies":[{"embeddable":true,"href":"https:\/\/delco.de\/clickandbuilds\/DelcoDatentechnikGmbH\/wp-json\/wp\/v2\/comments?post=31"}],"version-history":[{"count":60,"href":"https:\/\/delco.de\/clickandbuilds\/DelcoDatentechnikGmbH\/wp-json\/wp\/v2\/pages\/31\/revisions"}],"predecessor-version":[{"id":3154,"href":"https:\/\/delco.de\/clickandbuilds\/DelcoDatentechnikGmbH\/wp-json\/wp\/v2\/pages\/31\/revisions\/3154"}],"wp:attachment":[{"href":"https:\/\/delco.de\/clickandbuilds\/DelcoDatentechnikGmbH\/wp-json\/wp\/v2\/media?parent=31"}],"curies":[{"name":"wp","href":"https:\/\/api.w.org\/{rel}","templated":true}]}}