{"id":369,"date":"2019-12-05T11:21:43","date_gmt":"2019-12-05T11:21:43","guid":{"rendered":"http:\/\/delco-datentechnik.de\/?page_id=369"},"modified":"2020-02-10T11:31:25","modified_gmt":"2020-02-10T11:31:25","slug":"partner","status":"publish","type":"page","link":"https:\/\/delco.de\/clickandbuilds\/DelcoDatentechnikGmbH\/info\/partner\/","title":{"rendered":"IT-Service Partner"},"content":{"rendered":"\n<hr class=\"wp-block-separator\"\/>\n\n\n\n<hr class=\"wp-block-separator\"\/>\n\n\n\n<div class=\"wp-block-media-text alignwide\" style=\"grid-template-columns:20% auto\"><figure class=\"wp-block-media-text__media\"><img loading=\"lazy\" decoding=\"async\" width=\"225\" height=\"225\" src=\"http:\/\/delco.de\/wp-content\/uploads\/2019\/12\/DatafoxDownload.png\" alt=\"\" class=\"wp-image-1885\" srcset=\"https:\/\/delco.de\/wp-content\/uploads\/2019\/12\/DatafoxDownload.png 225w, https:\/\/delco.de\/wp-content\/uploads\/2019\/12\/DatafoxDownload-150x150.png 150w\" sizes=\"auto, (max-width: 225px) 100vw, 225px\" \/><\/figure><div class=\"wp-block-media-text__content\">\n<p style=\"font-size:15px\"><strong>Datafox GmbH<br><\/strong>Dermbacher Stra\u00dfe 12 &#8211; 14<br>D &#8211; 36419 Geisa<br><a href=\"http:\/\/www.datafox.de\/\" target=\"_blank\" rel=\"noopener noreferrer\">www.datafox.de<\/a><\/p>\n<\/div><\/div>\n\n\n\n<hr class=\"wp-block-separator\"\/>\n\n\n\n<hr class=\"wp-block-separator\"\/>\n\n\n\n<div class=\"wp-block-media-text alignwide\" style=\"grid-template-columns:20% auto\"><figure class=\"wp-block-media-text__media\"><img loading=\"lazy\" decoding=\"async\" width=\"223\" height=\"226\" src=\"http:\/\/delco.de\/wp-content\/uploads\/2019\/12\/Dataverde.png\" alt=\"\" class=\"wp-image-1890\" srcset=\"https:\/\/delco.de\/wp-content\/uploads\/2019\/12\/Dataverde.png 223w, https:\/\/delco.de\/wp-content\/uploads\/2019\/12\/Dataverde-148x150.png 148w\" sizes=\"auto, (max-width: 223px) 100vw, 223px\" \/><\/figure><div class=\"wp-block-media-text__content\">\n<p style=\"font-size:15px\"><strong>Dataverde GmbH<\/strong><br>Revierstra\u00dfe 10<br>D &#8211; 44379 Dortmund <br><a href=\"http:\/\/www.dataverde.de\/\" target=\"_blank\" rel=\"noreferrer noopener\" aria-label=\" (opens in a new tab)\">www.dataverde.de<\/a><\/p>\n<\/div><\/div>\n\n\n\n<hr class=\"wp-block-separator\"\/>\n\n\n\n<hr class=\"wp-block-separator\"\/>\n\n\n\n<div class=\"wp-block-media-text alignwide\" style=\"grid-template-columns:20% auto\"><figure class=\"wp-block-media-text__media\"><img loading=\"lazy\" decoding=\"async\" width=\"224\" height=\"224\" src=\"http:\/\/delco.de\/wp-content\/uploads\/2019\/12\/GDI.png\" alt=\"\" class=\"wp-image-1892\" srcset=\"https:\/\/delco.de\/wp-content\/uploads\/2019\/12\/GDI.png 224w, https:\/\/delco.de\/wp-content\/uploads\/2019\/12\/GDI-150x150.png 150w\" sizes=\"auto, (max-width: 224px) 100vw, 224px\" \/><\/figure><div class=\"wp-block-media-text__content\">\n<p style=\"font-size:15px\"><strong>GDI \u2013 Gesellschaft f\u00fcr Datentechnik<br>und Informationssysteme mbH<\/strong><br>Klaus-von-Klitzing-Stra\u00dfe 1<br>D &#8211; 76829 Landau in der Pfalz<br><a href=\"http:\/\/www.gdi.de\/\" target=\"_blank\" rel=\"noreferrer noopener\" aria-label=\" (opens in a new tab)\">www.gdi.de<\/a><\/p>\n<\/div><\/div>\n\n\n\n<hr class=\"wp-block-separator\"\/>\n\n\n\n<hr class=\"wp-block-separator\"\/>\n\n\n\n<div class=\"wp-block-media-text alignwide\" style=\"grid-template-columns:20% auto\"><figure class=\"wp-block-media-text__media\"><img loading=\"lazy\" decoding=\"async\" width=\"292\" height=\"173\" src=\"http:\/\/delco.de\/wp-content\/uploads\/2019\/12\/Ador.jpg\" alt=\"\" class=\"wp-image-1896\" srcset=\"https:\/\/delco.de\/wp-content\/uploads\/2019\/12\/Ador.jpg 292w, https:\/\/delco.de\/wp-content\/uploads\/2019\/12\/Ador-150x89.jpg 150w\" sizes=\"auto, (max-width: 292px) 100vw, 292px\" \/><\/figure><div class=\"wp-block-media-text__content\">\n<p style=\"font-size:15px\"><strong>ADOR &#8211; EDV und Software GmbH<\/strong><br>Emil-Hoffmann-Stra\u00dfe 57<br>D &#8211; 50996 K\u00f6ln<br><a rel=\"noreferrer noopener\" href=\"http:\/\/www.ador.de\/\" target=\"_blank\">www.ador.de<\/a><\/p>\n<\/div><\/div>\n\n\n\n<hr class=\"wp-block-separator\"\/>\n\n\n\n<hr class=\"wp-block-separator\"\/>\n\n\n\n<div class=\"wp-block-media-text alignwide\" style=\"grid-template-columns:20% auto\"><figure class=\"wp-block-media-text__media\"><img decoding=\"async\" src=\"https:\/\/www.asadatec.de\/images\/xASA-Datec-logo.png.pagespeed.ic.p-bXqeLLL8.webp\" alt=\"ASA Datec\"\/><\/figure><div class=\"wp-block-media-text__content\">\n<p style=\"font-size:15px\"><strong>ASA Datec Datensysteme GmbH<br><\/strong>Hohlweg 5<br>D &#8211; 59929 Brilon<br><a href=\"http:\/\/www.asadatec.de\/\" target=\"_blank\" rel=\"noreferrer noopener\" aria-label=\" (opens in a new tab)\">www.asadatec.de<\/a><\/p>\n<\/div><\/div>\n\n\n\n<hr class=\"wp-block-separator\"\/>\n\n\n\n<hr class=\"wp-block-separator\"\/>\n\n\n\n<div class=\"wp-block-media-text alignwide\" style=\"grid-template-columns:20% auto\"><figure class=\"wp-block-media-text__media\"><img loading=\"lazy\" decoding=\"async\" width=\"185\" height=\"131\" src=\"http:\/\/delco.de\/wp-content\/uploads\/2019\/12\/lorytable50.jpg\" alt=\"\" class=\"wp-image-1893\" srcset=\"https:\/\/delco.de\/wp-content\/uploads\/2019\/12\/lorytable50.jpg 185w, https:\/\/delco.de\/wp-content\/uploads\/2019\/12\/lorytable50-150x106.jpg 150w\" sizes=\"auto, (max-width: 185px) 100vw, 185px\" \/><\/figure><div class=\"wp-block-media-text__content\">\n<p><strong>Herr Karsten Lory<\/strong><br>Stra\u00dfe der Freundschaft 13<br>D &#8211; 04654 Frohburg<br><a rel=\"noreferrer noopener\" href=\"http:\/\/www.nachrichtentechnik-lory.de\/\" target=\"_blank\">www.nachrichtentechnik-lory.de<\/a><\/p>\n<\/div><\/div>\n\n\n\n<hr class=\"wp-block-separator\"\/>\n\n\n\n<p><a href=\"https:\/\/delco.de\/clickandbuilds\/DelcoDatentechnikGmbH\/info\/\">\u25c4 Zur\u00fcck<\/a><\/p>\n\n\n\n<p><a href=\"http:\/\/delco.de\/\">\u25c4 Home<\/a><\/p>\n","protected":false},"excerpt":{"rendered":"<p>Datafox GmbHDermbacher Stra\u00dfe 12 &#8211; 14D &#8211; 36419 Geisawww.datafox.de Dataverde GmbHRevierstra\u00dfe 10D &#8211; 44379 Dortmund www.dataverde.de GDI \u2013 Gesellschaft f\u00fcr Datentechnikund Informationssysteme mbHKlaus-von-Klitzing-Stra\u00dfe 1D &#8211; 76829 Landau in der Pfalzwww.gdi.de ADOR &#8211; EDV und Software GmbHEmil-Hoffmann-Stra\u00dfe 57D &#8211; 50996 K\u00f6lnwww.ador.de ASA Datec Datensysteme GmbHHohlweg 5D &#8211; 59929 Brilonwww.asadatec.de Herr Karsten\u2026<\/p>\n<p class=\"continue-reading-button\"> <a class=\"continue-reading-link\" href=\"https:\/\/delco.de\/clickandbuilds\/DelcoDatentechnikGmbH\/info\/partner\/\">mehr lesen<i class=\"crycon-right-dir\"><\/i><\/a><\/p>\n","protected":false},"author":6,"featured_media":0,"parent":31,"menu_order":0,"comment_status":"closed","ping_status":"closed","template":"","meta":{"footnotes":""},"class_list":["post-369","page","type-page","status-publish","hentry"],"_links":{"self":[{"href":"https:\/\/delco.de\/clickandbuilds\/DelcoDatentechnikGmbH\/wp-json\/wp\/v2\/pages\/369","targetHints":{"allow":["GET"]}}],"collection":[{"href":"https:\/\/delco.de\/clickandbuilds\/DelcoDatentechnikGmbH\/wp-json\/wp\/v2\/pages"}],"about":[{"href":"https:\/\/delco.de\/clickandbuilds\/DelcoDatentechnikGmbH\/wp-json\/wp\/v2\/types\/page"}],"author":[{"embeddable":true,"href":"https:\/\/delco.de\/clickandbuilds\/DelcoDatentechnikGmbH\/wp-json\/wp\/v2\/users\/6"}],"replies":[{"embeddable":true,"href":"https:\/\/delco.de\/clickandbuilds\/DelcoDatentechnikGmbH\/wp-json\/wp\/v2\/comments?post=369"}],"version-history":[{"count":53,"href":"https:\/\/delco.de\/clickandbuilds\/DelcoDatentechnikGmbH\/wp-json\/wp\/v2\/pages\/369\/revisions"}],"predecessor-version":[{"id":3781,"href":"https:\/\/delco.de\/clickandbuilds\/DelcoDatentechnikGmbH\/wp-json\/wp\/v2\/pages\/369\/revisions\/3781"}],"up":[{"embeddable":true,"href":"https:\/\/delco.de\/clickandbuilds\/DelcoDatentechnikGmbH\/wp-json\/wp\/v2\/pages\/31"}],"wp:attachment":[{"href":"https:\/\/delco.de\/clickandbuilds\/DelcoDatentechnikGmbH\/wp-json\/wp\/v2\/media?parent=369"}],"curies":[{"name":"wp","href":"https:\/\/api.w.org\/{rel}","templated":true}]}}