{"id":437,"date":"2016-04-20T13:27:05","date_gmt":"2016-04-20T13:27:05","guid":{"rendered":"http:\/\/delco-datentechnik.de\/?page_id=437"},"modified":"2020-01-27T09:38:19","modified_gmt":"2020-01-27T09:38:19","slug":"modul-zutrittskontrolle","status":"publish","type":"page","link":"https:\/\/delco.de\/clickandbuilds\/DelcoDatentechnikGmbH\/modul-zutrittskontrolle\/","title":{"rendered":"Modul Auftrags- und Projektzeiterfassung"},"content":{"rendered":"<hr \/>\n<hr \/>\n<h3 class=\"widget-title\"><strong>Modul ADE<\/strong><\/h3>\n<p><span style=\"color: #1c1c1c; font-family: Verdana, Tahoma, Helvetica; font-size: small;\">In Handwerk und Industrie steigen die Anforderungen an detaillierte Zahlen aus einzelnen Projekten.<br \/>\nGleichg\u00fcltig, ob es sich um den Einsatz eines Kundendiensttechnikers, die Projektarbeit eines Architekten oder die \u00dcberwachung eines laufenden Fertigungsauftrags im produzierenden Gewerbe handelt,<\/span><\/p>\n<h4><strong><span style=\"color: #1c1c1c; font-family: Verdana, Tahoma, Helvetica; font-size: small;\">&#8222;WinZeit i6&#8220; liefert Ihnen die Zahlen.<\/span><\/strong><\/h4>\n<p align=\"justify\"><span style=\"color: #1c1c1c; font-family: Verdana, Tahoma, Helvetica; font-size: small;\">Hierbei geht <strong>WinZeit i6<\/strong>\u00a0\u00fcber die reine projektbezogene Zeiterfassung hinaus. Zu jedem Projekt k\u00f6nnen z.B.: direkte Kosten (via Einkauf), gefahrene Kilometer oder sonstige Leistungen erfasst werden, so dass eine umfassende Auswertung jedes Projektes m\u00f6glich wird.<\/span><\/p>\n<h4><span style=\"color: #000000; font-family: Verdana, Tahoma, Helvetica; font-size: small;\"><strong>Modul Zutrittskontrolle<\/strong><\/span><\/h4>\n<p align=\"justify\"><span style=\"color: #1c1c1c; font-family: Verdana, Tahoma, Helvetica; font-size: small;\">Der ungehinderte Zutritt zu R\u00e4umen oder Geb\u00e4uden durch fremde Personen oder eigene Mitarbeiter stellt ein erhebliches Risiko sowohl in gewerblichen und betrieblichen Bereichen als auch bei Beh\u00f6rden und \u00f6ffentlichen Einrichtungen dar. Die gezielte Steuerung der Zug\u00e4nge ist somit eine wesentliche Voraussetzung f\u00fcr ein umfassendes Sicherungskonzept. Die Notwendigkeit einer wirksamen Zutrittskontrolle ergibt sich durch steigende Kriminalit\u00e4tsbelastung, Sabotage, Wirtschaftsspionage, Vandalismus, Diebstahl und sonstige Gef\u00e4hrdungen.<\/span><\/p>\n<p align=\"justify\"><span style=\"color: #1c1c1c; font-family: Verdana, Tahoma, Helvetica; font-size: small;\">Die <strong>WinZeit i6-Zutrittskontrolle<\/strong> erm\u00f6glicht in Verbindung mit der <strong>WinZeit i6-Personalzeiterfassung <\/strong>oder als unabh\u00e4ngiges System eine zuverl\u00e4ssige Steuerung und Kontrolle der Zug\u00e4nge zum Betriebsgel\u00e4nde, zu den Geb\u00e4uden und R\u00e4umen. Verschiedene Terminals und Lesesysteme (u.a. Identifikation via Fingerprint) und die M\u00f6glichkeit unterschiedlichste Systeme wie z.B.: Schranken, Drehkreuze, T\u00fcr\u00f6ffner etc. anzusteuern, erlauben Ihnen den Aufbau eines individuellen Sicherungssystems.<\/span><\/p>\n<h4><strong><span style=\"color: #242747; font-family: Verdana, Tahoma, Helvetica; font-size: small;\">Maschinendatenerfassung<\/span><\/strong><\/h4>\n<p align=\"justify\"><span style=\"color: #1c1c1c; font-family: Verdana, Tahoma, Helvetica; font-size: small;\">Produktionsmaschinen sind teuer und das Bedienpersonal verursacht in jeder Stunde Kosten. Dabei entstehen diese Kosten oftmals unabh\u00e4ngig davon, ob die Maschine l\u00e4uft oder nicht. Einen Erl\u00f6s erwirtschaftet eine Maschine jedoch nur, wenn sie produktiv und m\u00f6glichst effizient l\u00e4uft. Mit einer automatisierten Maschinendatenerfassung erhalten Sie bei gleichm\u00e4\u00dfig laufenden Maschinen wie z.B.: Stanzen, Klebemaschinen, Spritzgussmaschinen usw. ein klares Bild \u00fcber die Funktionsweise und Zuverl\u00e4ssigkeit Ihrer Maschinen.<\/span><\/p>\n<p align=\"justify\"><span style=\"color: #1c1c1c; font-family: Verdana, Tahoma, Helvetica; font-size: small;\">Unser Produkt <strong>DeMas<\/strong> bietet eine kosteng\u00fcnstige M\u00f6glichkeit, den Status mehrerer Maschinen online zu \u00fcberwachen und das Laufverhalten statistisch auszuwerten.<\/span><\/p>\n<h4><span style=\"color: #242747; font-family: Verdana; font-size: small;\"><strong>WEITERE MODULE<\/strong><\/span><\/h4>\n<ul>\n<li><span style=\"color: #1c1c1c; font-family: Verdana, Tahoma, Helvetica; font-size: small;\">Modul Personal-Einsatz-Planung (Schichtplaner)<\/span><\/li>\n<li><span style=\"color: #1c1c1c; font-family: Verdana; font-size: small;\">Tableau (Software zur Anzeige der An-\/Abwesenheiten)<\/span><\/li>\n<li><span style=\"color: #1c1c1c; font-family: Verdana; font-size: small;\">Modul PC-Erfassungsterminal<\/span><\/li>\n<li><span style=\"color: #1c1c1c; font-family: Verdana, Tahoma, Helvetica; font-size: small;\">WEB-Terminal<\/span><\/li>\n<\/ul>\n","protected":false},"excerpt":{"rendered":"<p>Modul ADE In Handwerk und Industrie steigen die Anforderungen an detaillierte Zahlen aus einzelnen Projekten. Gleichg\u00fcltig, ob es sich um den Einsatz eines Kundendiensttechnikers, die Projektarbeit eines Architekten oder die \u00dcberwachung eines laufenden Fertigungsauftrags im produzierenden Gewerbe handelt, &#8222;WinZeit i6&#8220; liefert Ihnen die Zahlen. Hierbei geht WinZeit i6\u00a0\u00fcber die reine\u2026<\/p>\n<p class=\"continue-reading-button\"> <a class=\"continue-reading-link\" href=\"https:\/\/delco.de\/clickandbuilds\/DelcoDatentechnikGmbH\/modul-zutrittskontrolle\/\">mehr lesen<i class=\"crycon-right-dir\"><\/i><\/a><\/p>\n","protected":false},"author":6,"featured_media":0,"parent":0,"menu_order":0,"comment_status":"closed","ping_status":"closed","template":"","meta":{"footnotes":""},"class_list":["post-437","page","type-page","status-publish","hentry"],"_links":{"self":[{"href":"https:\/\/delco.de\/clickandbuilds\/DelcoDatentechnikGmbH\/wp-json\/wp\/v2\/pages\/437","targetHints":{"allow":["GET"]}}],"collection":[{"href":"https:\/\/delco.de\/clickandbuilds\/DelcoDatentechnikGmbH\/wp-json\/wp\/v2\/pages"}],"about":[{"href":"https:\/\/delco.de\/clickandbuilds\/DelcoDatentechnikGmbH\/wp-json\/wp\/v2\/types\/page"}],"author":[{"embeddable":true,"href":"https:\/\/delco.de\/clickandbuilds\/DelcoDatentechnikGmbH\/wp-json\/wp\/v2\/users\/6"}],"replies":[{"embeddable":true,"href":"https:\/\/delco.de\/clickandbuilds\/DelcoDatentechnikGmbH\/wp-json\/wp\/v2\/comments?post=437"}],"version-history":[{"count":14,"href":"https:\/\/delco.de\/clickandbuilds\/DelcoDatentechnikGmbH\/wp-json\/wp\/v2\/pages\/437\/revisions"}],"predecessor-version":[{"id":2771,"href":"https:\/\/delco.de\/clickandbuilds\/DelcoDatentechnikGmbH\/wp-json\/wp\/v2\/pages\/437\/revisions\/2771"}],"wp:attachment":[{"href":"https:\/\/delco.de\/clickandbuilds\/DelcoDatentechnikGmbH\/wp-json\/wp\/v2\/media?parent=437"}],"curies":[{"name":"wp","href":"https:\/\/api.w.org\/{rel}","templated":true}]}}