{"id":449,"date":"2016-04-21T07:23:41","date_gmt":"2016-04-21T07:23:41","guid":{"rendered":"http:\/\/delco-datentechnik.de\/?page_id=449"},"modified":"2020-02-10T09:44:25","modified_gmt":"2020-02-10T09:44:25","slug":"module-fuer-delwa-fs","status":"publish","type":"page","link":"https:\/\/delco.de\/clickandbuilds\/DelcoDatentechnikGmbH\/software\/module-fuer-delwa-fs\/","title":{"rendered":"Zusatzmodule DelWa-FS"},"content":{"rendered":"\n<hr class=\"wp-block-separator\"\/>\n\n\n\n<hr class=\"wp-block-separator\"\/>\n\n\n\n<p style=\"color:#194b7f;font-size:21px\" class=\"has-text-color\"><strong>1. Modul- Service und Wartung<\/strong><\/p>\n\n\n\n<p>Es\nvereinfacht die Verwaltung von Wartungsauftrt\u00e4gen und unterst\u00fctzt\nMitarbeiter im Innen- und Au\u00dfendienst bei Reparatur- und\nDienstleistungsaufgaben.<\/p>\n\n\n\n<ul class=\"wp-block-list\"><li> Verwalten von Servicevertr\u00e4gen  <\/li><li> Erzeugung wiederkehrender Rechnungen zu den Servicevertr\u00e4gen  <\/li><li> Erstellung von Wartungspl\u00e4nen  <\/li><li> Erzeugung von Serviceauftr\u00e4gen auf Anforderung, aus Projekten oder<br> automatisch aus Service-Vertr\u00e4gen  <\/li><li> \u00dcberwachung und Kalkulation der Servicevertr\u00e4ge  <\/li><li> Terminierung von Service-Auftr\u00e4gen  <\/li><li> Erfassen von Material und Arbeitszeit zu den Service-Auftr\u00e4gen  <\/li><li> Dokumentation der Serviceeins\u00e4tze an Hand von Text uns Fotos  <\/li><li> Ggf. Fakturierung der Service-Auftr\u00e4ge.  <\/li><\/ul>\n\n\n\n<p style=\"color:#194b7f;font-size:21px\" class=\"has-text-color\"><strong>2. Modul- Vertriebsf\u00f6rderung<\/strong><\/p>\n\n\n\n<p>Dieses\nSoftwaremodul tr\u00e4gt ma\u00dfgeblich dazu bei, die Prozesse im Bereich\nService besser zu strukturieren und transparenter darzustellen.<\/p>\n\n\n\n<ul class=\"wp-block-list\"><li>\nSerienbrief-,\n\tSerienmailfunktion \n\t\n\t<\/li><li>\nWiederverwendbare\n\tAdresspools \n\t\n\t<\/li><li>\nVerwaltung\n\tvon Textvorlagen \n\t\n\t<\/li><li>\nKampagnenbezogene\n\tSonderpreise in Artikeldaten \n\t\n\t<\/li><li>\nErfassen\n\tvon R\u00fcckmeldungen \n\t\n\t<\/li><li>\nSpeicherung\n\tkampagnenbezogener Auftr\u00e4ge \n\t\n\t<\/li><li>\nErfolgsauswertung\n\t\n\t\n<\/li><\/ul>\n\n\n\n<p style=\"color:#194b7f;font-size:21px\" class=\"has-text-color\"><strong>3. Modul- Projektmanagement<\/strong><\/p>\n\n\n\n<p>Verwaltung aller relevanten Vorg\u00e4nge rund um ein Projekt. Angefangen von der Angebotsphase, \u00fcber die Auftragsabwicklung bis hin zur abschlie\u00dfenden Beurteilung, unterst\u00fctzen wir Sie in allen Bereichen.<\/p>\n\n\n\n<ul class=\"wp-block-list\"><li>\n\n\tAufgabenverwaltung\n\t<\/li><li>\n\n\tInformation\n\t<\/li><li>\n\n\tTerminierung\n\t<\/li><li>\n\n\t\u00dcberwachung\n\tvon Belegen\n\t<\/li><li>\n\n\tKalkulation\n<\/li><\/ul>\n\n\n\n<p style=\"color:#194b7f;font-size:21px\" class=\"has-text-color\"><strong>4. Modul- Edifact<\/strong><\/p>\n\n\n\n<p>Empfangen\nund senden Sie kaufm\u00e4nnische Vorg\u00e4nge auf elektronischem Weg direkt\nin oder aus Ihrem System.<\/p>\n\n\n\n<hr class=\"wp-block-separator\"\/>\n\n\n\n<p><a href=\"https:\/\/delco.de\/clickandbuilds\/DelcoDatentechnikGmbH\/delwa-fs\/\">\u25c4 Zur\u00fcck<\/a><\/p>\n\n\n\n<p><a href=\"http:\/\/delco.de\/\">\u25c4 Home<\/a><\/p>\n\n\n\n<p><strong><span style=\"text-decoration: underline;\"><\/span><\/strong><\/p>\n","protected":false},"excerpt":{"rendered":"<p>1. Modul- Service und Wartung Es vereinfacht die Verwaltung von Wartungsauftrt\u00e4gen und unterst\u00fctzt Mitarbeiter im Innen- und Au\u00dfendienst bei Reparatur- und Dienstleistungsaufgaben. Verwalten von Servicevertr\u00e4gen Erzeugung wiederkehrender Rechnungen zu den Servicevertr\u00e4gen Erstellung von Wartungspl\u00e4nen Erzeugung von Serviceauftr\u00e4gen auf Anforderung, aus Projekten oder automatisch aus Service-Vertr\u00e4gen \u00dcberwachung und Kalkulation der Servicevertr\u00e4ge\u2026<\/p>\n<p class=\"continue-reading-button\"> <a class=\"continue-reading-link\" href=\"https:\/\/delco.de\/clickandbuilds\/DelcoDatentechnikGmbH\/software\/module-fuer-delwa-fs\/\">mehr lesen<i class=\"crycon-right-dir\"><\/i><\/a><\/p>\n","protected":false},"author":6,"featured_media":0,"parent":42,"menu_order":0,"comment_status":"closed","ping_status":"closed","template":"","meta":{"footnotes":""},"class_list":["post-449","page","type-page","status-publish","hentry"],"_links":{"self":[{"href":"https:\/\/delco.de\/clickandbuilds\/DelcoDatentechnikGmbH\/wp-json\/wp\/v2\/pages\/449","targetHints":{"allow":["GET"]}}],"collection":[{"href":"https:\/\/delco.de\/clickandbuilds\/DelcoDatentechnikGmbH\/wp-json\/wp\/v2\/pages"}],"about":[{"href":"https:\/\/delco.de\/clickandbuilds\/DelcoDatentechnikGmbH\/wp-json\/wp\/v2\/types\/page"}],"author":[{"embeddable":true,"href":"https:\/\/delco.de\/clickandbuilds\/DelcoDatentechnikGmbH\/wp-json\/wp\/v2\/users\/6"}],"replies":[{"embeddable":true,"href":"https:\/\/delco.de\/clickandbuilds\/DelcoDatentechnikGmbH\/wp-json\/wp\/v2\/comments?post=449"}],"version-history":[{"count":47,"href":"https:\/\/delco.de\/clickandbuilds\/DelcoDatentechnikGmbH\/wp-json\/wp\/v2\/pages\/449\/revisions"}],"predecessor-version":[{"id":3690,"href":"https:\/\/delco.de\/clickandbuilds\/DelcoDatentechnikGmbH\/wp-json\/wp\/v2\/pages\/449\/revisions\/3690"}],"up":[{"embeddable":true,"href":"https:\/\/delco.de\/clickandbuilds\/DelcoDatentechnikGmbH\/wp-json\/wp\/v2\/pages\/42"}],"wp:attachment":[{"href":"https:\/\/delco.de\/clickandbuilds\/DelcoDatentechnikGmbH\/wp-json\/wp\/v2\/media?parent=449"}],"curies":[{"name":"wp","href":"https:\/\/api.w.org\/{rel}","templated":true}]}}