{"id":476,"date":"2016-04-21T09:13:26","date_gmt":"2016-04-21T09:13:26","guid":{"rendered":"http:\/\/delco-datentechnik.de\/?page_id=476"},"modified":"2020-01-27T08:54:25","modified_gmt":"2020-01-27T08:54:25","slug":"modul-fuer-delfi-6","status":"publish","type":"page","link":"https:\/\/delco.de\/clickandbuilds\/DelcoDatentechnikGmbH\/modul-fuer-delfi-6\/","title":{"rendered":"DelFi 6 Module"},"content":{"rendered":"<h1><\/h1>\n<hr \/>\n<hr \/>\n<h2><span style=\"color: #000000;\"><span style=\"font-family: Verdana, Tahoma, Helvetica; font-size: small;\"><strong>Kostenrechnung\u00a0 \u00a0 \u00a0 \u00a0<\/strong>\u00a0<\/span><\/span><\/h2>\n<p class=\"western\" align=\"justify\"><span style=\"color: #000000;\"><span style=\"font-family: Verdana, Tahoma, Helvetica; font-size: small;\">Die Kostenrechnung zu <strong>DelFi<\/strong> ist klar strukturiert, \u00fcbersichtlich und vor allem einfach und flexibel zu bedienen. Der Aufbau der Kostenrechnung ist f\u00fcr den Anwender nach seinen <\/span><span style=\"font-family: Verdana, Tahoma, Helvetica; font-size: small;\">spezifischen Bed\u00fcrfnissen frei gestaltbar.<\/span><\/span><\/p>\n<p class=\"western\" align=\"justify\"><span style=\"color: #000000;\"><span style=\"font-family: Verdana, Tahoma, Helvetica; font-size: small;\">Die Dateneingabe erfolgt <\/span><span style=\"font-family: Verdana, Tahoma, Helvetica; font-size: small;\">entweder direkt aus den erfassten Buchungen der Finanzbuchhaltung, durch automatische \u00dcbernahme aus dem Programm <strong>DelWa<\/strong> (Erl\u00f6se, Kosten etc.) oder durch manuelle Buchungserfassung. \u00a0\u00a0\u00a0\u00a0\u00a0<\/span><\/span><\/p>\n<h2><span style=\"font-family: Verdana, Tahoma, Helvetica; font-size: small; color: #000000;\"><strong>Verwaltet werden:<br \/>\n<\/strong><\/span><\/h2>\n<ul>\n<li><span style=\"font-family: Verdana, Tahoma, Helvetica; font-size: small; color: #000000;\">Kostenstellen, Kostenstellengruppen<\/span><\/li>\n<li><span style=\"font-family: Verdana, Tahoma, Helvetica; font-size: small; color: #000000;\">Kostenarten, Kostenartengruppen<\/span><\/li>\n<li><span style=\"font-family: Verdana, Tahoma, Helvetica; font-size: small; color: #000000;\">Kostentr\u00e4ger, Kostentr\u00e4gergruppen<\/span><\/li>\n<\/ul>\n<p class=\"western\"><span style=\"font-family: Verdana, Tahoma, Helvetica; font-size: small; color: #000000;\">Alle Auswertungen sind nach Einzelkostenstelle oder als Gesamt\u00fcbersicht.<\/span><\/p>\n","protected":false},"excerpt":{"rendered":"<p>Kostenrechnung\u00a0 \u00a0 \u00a0 \u00a0\u00a0 Die Kostenrechnung zu DelFi ist klar strukturiert, \u00fcbersichtlich und vor allem einfach und flexibel zu bedienen. Der Aufbau der Kostenrechnung ist f\u00fcr den Anwender nach seinen spezifischen Bed\u00fcrfnissen frei gestaltbar. Die Dateneingabe erfolgt entweder direkt aus den erfassten Buchungen der Finanzbuchhaltung, durch automatische \u00dcbernahme aus dem\u2026<\/p>\n<p class=\"continue-reading-button\"> <a class=\"continue-reading-link\" href=\"https:\/\/delco.de\/clickandbuilds\/DelcoDatentechnikGmbH\/modul-fuer-delfi-6\/\">mehr lesen<i class=\"crycon-right-dir\"><\/i><\/a><\/p>\n","protected":false},"author":6,"featured_media":0,"parent":0,"menu_order":0,"comment_status":"closed","ping_status":"closed","template":"","meta":{"footnotes":""},"class_list":["post-476","page","type-page","status-publish","hentry"],"_links":{"self":[{"href":"https:\/\/delco.de\/clickandbuilds\/DelcoDatentechnikGmbH\/wp-json\/wp\/v2\/pages\/476","targetHints":{"allow":["GET"]}}],"collection":[{"href":"https:\/\/delco.de\/clickandbuilds\/DelcoDatentechnikGmbH\/wp-json\/wp\/v2\/pages"}],"about":[{"href":"https:\/\/delco.de\/clickandbuilds\/DelcoDatentechnikGmbH\/wp-json\/wp\/v2\/types\/page"}],"author":[{"embeddable":true,"href":"https:\/\/delco.de\/clickandbuilds\/DelcoDatentechnikGmbH\/wp-json\/wp\/v2\/users\/6"}],"replies":[{"embeddable":true,"href":"https:\/\/delco.de\/clickandbuilds\/DelcoDatentechnikGmbH\/wp-json\/wp\/v2\/comments?post=476"}],"version-history":[{"count":16,"href":"https:\/\/delco.de\/clickandbuilds\/DelcoDatentechnikGmbH\/wp-json\/wp\/v2\/pages\/476\/revisions"}],"predecessor-version":[{"id":2758,"href":"https:\/\/delco.de\/clickandbuilds\/DelcoDatentechnikGmbH\/wp-json\/wp\/v2\/pages\/476\/revisions\/2758"}],"wp:attachment":[{"href":"https:\/\/delco.de\/clickandbuilds\/DelcoDatentechnikGmbH\/wp-json\/wp\/v2\/media?parent=476"}],"curies":[{"name":"wp","href":"https:\/\/api.w.org\/{rel}","templated":true}]}}